{"id":9,"date":"2026-05-14T06:51:15","date_gmt":"2026-05-14T06:51:15","guid":{"rendered":"https:\/\/ims.proba.in.rs\/?page_id=9"},"modified":"2026-05-14T08:29:42","modified_gmt":"2026-05-14T08:29:42","slug":"home","status":"publish","type":"page","link":"https:\/\/ims.proba.in.rs\/","title":{"rendered":"home"},"content":{"rendered":"\n<figure class=\"wp-block-image\"><img decoding=\"async\" src=\"https:\/\/ims.proba.in.rs\/wp-content\/uploads\/2026\/05\/IMS_dron-foto-2024_1262x500_40-1024x406.jpg\" alt=\"\"\/><\/figure>\n\n\n\n<p><\/p>\n\n\n\n<h2 class=\"wp-block-heading e-heading-base\"><br>\n\t\t\tNajnovije informacije<br>\n\t\t<\/h2>\n\n\n\n<p>\t\t\t\t<svg aria-hidden=\"true\" viewBox=\"0 0 576 512\" xmlns=\"http:\/\/www.w3.org\/2000\/svg\"><path d=\"M259.3 17.8L194 150.2 47.9 171.5c-26.2 3.8-36.7 36.1-17.7 54.6l105.7 103-25 145.5c-4.5 26.3 23.2 46 46.4 33.7L288 439.6l130.7 68.7c23.2 12.2 50.9-7.4 46.4-33.7l-25-145.5 105.7-103c19-18.5 8.5-50.8-17.7-54.6L382 150.2 316.7 17.8c-11.7-23.6-45.6-23.9-57.4 0z\"><\/path><\/svg>\t\t\t\t<\/p>\n\n\n\n<p>\n\t\t\t\t\t\tXXVI YuCorr konferencija odr\u017eava se u periodu 03.11.-05.11.2025. Prvo obave\u0161tenje i poziv mo\u017eete pogledati \t\t\t\t\t<\/p>\n\n\n\n<div class=\"gb-element-43739c6d\">\n<div class=\"gb-element-d3f50ccb\">\n<div>\n<h2 class=\"gb-text gb-text-0a29f337\">Short H2 Heading<\/h2>\n\n\n\n<p class=\"gb-text gb-text-90fb7436\">Lorem ipsum dolor sit amet, consectetur adipiscing elit. <\/p>\n\n\n\n<div>\n<ul class=\"gb-looper-ee4dfd9c\">\n<li class=\"gb-loop-item\">\n<article class=\"gb-element-c372beda\">\n<img decoding=\"async\" class=\"gb-media-d129c652\" src=\"{{featured_image size:thumbnail|key:url}}\"\/>\n\n\n\n<div class=\"gb-element-93b31ea7\">\n<div class=\"gb-text gb-text-b0158654\">{{term_list tax:category|sep:, }}<\/div>\n\n\n\n<h3 class=\"gb-text gb-text-68f1a6e6\">{{post_title link:post}}<\/h3>\n<\/div>\n<\/article>\n<\/li>\n<\/ul>\n<\/div>\n<\/div>\n<\/div>\n<\/div>\n\n\n\n<p>\t\t\t\t<svg aria-hidden=\"true\" viewBox=\"0 0 576 512\" xmlns=\"http:\/\/www.w3.org\/2000\/svg\"><path d=\"M259.3 17.8L194 150.2 47.9 171.5c-26.2 3.8-36.7 36.1-17.7 54.6l105.7 103-25 145.5c-4.5 26.3 23.2 46 46.4 33.7L288 439.6l130.7 68.7c23.2 12.2 50.9-7.4 46.4-33.7l-25-145.5 105.7-103c19-18.5 8.5-50.8-17.7-54.6L382 150.2 316.7 17.8c-11.7-23.6-45.6-23.9-57.4 0z\"><\/path><\/svg>\t\t\t\t<\/p>\n\n\n\n<p>\n\t\t\t\t\t\tXXVI YuCorr konferencija odr\u017eava se u periodu 03.11.-05.11.2025. Prvo obave\u0161tenje i poziv mo\u017eete pogledati \t\t\t\t\t<\/p>\n\n\n\n<div class=\"gb-element-c002ce97\">\n<div class=\"gb-element-a9d21bf5\">\n<div class=\"gb-element-a77f8e9f\">\n<p class=\"gb-text gb-text-813cc8b8\">Tagline<\/p>\n\n\n\n<h1 class=\"gb-text gb-text-d6b389ed\">H1 Medium length hero headline<\/h1>\n\n\n\n<p class=\"gb-text gb-text-c9fc223d\">Lorem ipsum dolor sit amet, consectetur adipiscing elit. Suspendisse varius enim in eros elementum tristique. Duis cursus, mi quis viverra ornare, eros dolor interdum nulla, ut commodo diam libero vitae erat.<\/p>\n\n\n\n<div class=\"gb-element-25d968df\">\n<a class=\"gb-text gb-text-3376f3cd\">Button<\/a>\n<\/div>\n<\/div>\n<\/div>\n<\/div>\n\n\n\n<p>\t\t\t\t<svg aria-hidden=\"true\" viewBox=\"0 0 576 512\" xmlns=\"http:\/\/www.w3.org\/2000\/svg\"><path d=\"M259.3 17.8L194 150.2 47.9 171.5c-26.2 3.8-36.7 36.1-17.7 54.6l105.7 103-25 145.5c-4.5 26.3 23.2 46 46.4 33.7L288 439.6l130.7 68.7c23.2 12.2 50.9-7.4 46.4-33.7l-25-145.5 105.7-103c19-18.5 8.5-50.8-17.7-54.6L382 150.2 316.7 17.8c-11.7-23.6-45.6-23.9-57.4 0z\"><\/path><\/svg>\t\t\t\t<\/p>\n\n\n\n<p>\n\t\t\t\t\t\tXXVI YuCorr konferencija odr\u017eava se u periodu 03.11.-05.11.2025. Prvo obave\u0161tenje i poziv mo\u017eete pogledati \t\t\t\t\t<\/p>\n\n\n\n<p>\t\t\t\t<svg aria-hidden=\"true\" viewBox=\"0 0 576 512\" xmlns=\"http:\/\/www.w3.org\/2000\/svg\"><path d=\"M259.3 17.8L194 150.2 47.9 171.5c-26.2 3.8-36.7 36.1-17.7 54.6l105.7 103-25 145.5c-4.5 26.3 23.2 46 46.4 33.7L288 439.6l130.7 68.7c23.2 12.2 50.9-7.4 46.4-33.7l-25-145.5 105.7-103c19-18.5 8.5-50.8-17.7-54.6L382 150.2 316.7 17.8c-11.7-23.6-45.6-23.9-57.4 0z\"><\/path><\/svg>\t\t\t\t<\/p>\n\n\n\n<p>\n\t\t\t\t\t\tXXVI YuCorr konferencija odr\u017eava se u periodu 03.11.-05.11.2025. Prvo obave\u0161tenje i poziv mo\u017eete pogledati \t\t\t\t\t<\/p>\n\n\n\n<p>\t\t\t\t<svg aria-hidden=\"true\" viewBox=\"0 0 576 512\" xmlns=\"http:\/\/www.w3.org\/2000\/svg\"><path d=\"M259.3 17.8L194 150.2 47.9 171.5c-26.2 3.8-36.7 36.1-17.7 54.6l105.7 103-25 145.5c-4.5 26.3 23.2 46 46.4 33.7L288 439.6l130.7 68.7c23.2 12.2 50.9-7.4 46.4-33.7l-25-145.5 105.7-103c19-18.5 8.5-50.8-17.7-54.6L382 150.2 316.7 17.8c-11.7-23.6-45.6-23.9-57.4 0z\"><\/path><\/svg>\t\t\t\t<\/p>\n\n\n\n<p>\n\t\t\t\t\t\tXXVI YuCorr konferencija odr\u017eava se u periodu 03.11.-05.11.2025. Prvo obave\u0161tenje i poziv mo\u017eete pogledati \t\t\t\t\t<\/p>\n\n\n\n<p>\t\t\t\t<svg aria-hidden=\"true\" viewBox=\"0 0 576 512\" xmlns=\"http:\/\/www.w3.org\/2000\/svg\"><path d=\"M259.3 17.8L194 150.2 47.9 171.5c-26.2 3.8-36.7 36.1-17.7 54.6l105.7 103-25 145.5c-4.5 26.3 23.2 46 46.4 33.7L288 439.6l130.7 68.7c23.2 12.2 50.9-7.4 46.4-33.7l-25-145.5 105.7-103c19-18.5 8.5-50.8-17.7-54.6L382 150.2 316.7 17.8c-11.7-23.6-45.6-23.9-57.4 0z\"><\/path><\/svg>\t\t\t\t<\/p>\n\n\n\n<p><br>\t\t\t\t\t\tXXVI YuCorr konferencija odr\u017eava se u periodu 03.11.-05.11.2025. Prvo obave\u0161tenje i poziv mo\u017eete pogledati \t\t\t\t\t<br> <\/p>\n\n\n\n<div class=\"gb-element-9b462261\">\n<div class=\"gb-element-1bcbbdbc\">\n<div>\n<div>\n<h2 class=\"gb-text\">Ostale informacije<\/h2>\n\n\n\n<p class=\"gb-text gb-text-8958894e\"><\/p>\n\n\n\n<div class=\"gb-element-8a5ed731\">\n<div class=\"gb-element-38169baa\">\n<div class=\"gb-text gb-text-4a1764b1\">Here is a question<\/div>\n\n\n\n<div class=\"gb-text gb-text-64e5b58e\">Fond za nauku Republike Srbije je otvorio Javni poziv za realizaciju pet programa u cilju podr\u0161ke usavr\u0161avanju istra\u017eiva\u010da i razvoja nau\u010dnog potencijala Republike Srbije u 2025.godini. Konkurs za pojedine programske aktivnosti otvoren je tokom cele godine. Sve detaljne informacije mo\u017eete prona\u0107i na <a href=\"https:\/\/nitra.gov.rs\/lat\/nauka\/javni-pozivi-i-konkursi\/javni-pozivi-i-konkursi?view=article&amp;id=1199&amp;catid=18\" target=\"_top\">sajtu Fonda.<\/a><\/div>\n<\/div>\n\n\n\n<div class=\"gb-element-c03192ee\">\n<div class=\"gb-text gb-text-84d61460\">Here is a question<\/div>\n\n\n\n<div class=\"gb-text gb-text-72f80995\">Fond za nauku Republike Srbije je otvorio Javni poziv za realizaciju pet programa u cilju podr\u0161ke usavr\u0161avanju istra\u017eiva\u010da i razvoja nau\u010dnog potencijala Republike Srbije u 2025.godini. Konkurs za pojedine programske aktivnosti otvoren je tokom cele godine. Sve detaljne informacije mo\u017eete prona\u0107i na <a href=\"https:\/\/nitra.gov.rs\/lat\/nauka\/javni-pozivi-i-konkursi\/javni-pozivi-i-konkursi?view=article&amp;id=1199&amp;catid=18\" target=\"_top\">sajtu Fonda.<\/a><\/div>\n<\/div>\n\n\n\n<div class=\"gb-element-13d41c06\">\n<div class=\"gb-text gb-text-d664b51c\">Here is a question<\/div>\n\n\n\n<div class=\"gb-text gb-text-5fda138a\">Fond za nauku Republike Srbije je otvorio Javni poziv za realizaciju pet programa u cilju podr\u0161ke usavr\u0161avanju istra\u017eiva\u010da i razvoja nau\u010dnog potencijala Republike Srbije u 2025.godini. Konkurs za pojedine programske aktivnosti otvoren je tokom cele godine. Sve detaljne informacije mo\u017eete prona\u0107i na <a href=\"https:\/\/nitra.gov.rs\/lat\/nauka\/javni-pozivi-i-konkursi\/javni-pozivi-i-konkursi?view=article&amp;id=1199&amp;catid=18\" target=\"_top\">sajtu Fonda.<\/a><\/div>\n<\/div>\n\n\n\n<div class=\"gb-element-245ca29f\">\n<div class=\"gb-text gb-text-df43ae66\">Here is a question<\/div>\n\n\n\n<div class=\"gb-text gb-text-5a067f03\">Fond za nauku Republike Srbije je otvorio Javni poziv za realizaciju pet programa u cilju podr\u0161ke usavr\u0161avanju istra\u017eiva\u010da i razvoja nau\u010dnog potencijala Republike Srbije u 2025.godini. Konkurs za pojedine programske aktivnosti otvoren je tokom cele godine. Sve detaljne informacije mo\u017eete prona\u0107i na <a href=\"https:\/\/nitra.gov.rs\/lat\/nauka\/javni-pozivi-i-konkursi\/javni-pozivi-i-konkursi?view=article&amp;id=1199&amp;catid=18\" target=\"_top\">sajtu Fonda.<\/a><\/div>\n<\/div>\n\n\n\n<div class=\"gb-element-bcdc630b\">\n<div class=\"gb-text gb-text-15fe382c\">Here is a question<\/div>\n\n\n\n<div class=\"gb-text gb-text-32607a19\">Fond za nauku Republike Srbije je otvorio Javni poziv za realizaciju pet programa u cilju podr\u0161ke usavr\u0161avanju istra\u017eiva\u010da i razvoja nau\u010dnog potencijala Republike Srbije u 2025.godini. Konkurs za pojedine programske aktivnosti otvoren je tokom cele godine. Sve detaljne informacije mo\u017eete prona\u0107i na <a href=\"https:\/\/nitra.gov.rs\/lat\/nauka\/javni-pozivi-i-konkursi\/javni-pozivi-i-konkursi?view=article&amp;id=1199&amp;catid=18\" target=\"_top\">sajtu Fonda.<\/a><\/div>\n<\/div>\n\n\n\n<div class=\"gb-element-7c042c8a\">\n<div class=\"gb-text gb-text-e49dec10\">Here is a question<\/div>\n\n\n\n<div class=\"gb-text gb-text-3a0d5f17\">Fond za nauku Republike Srbije je otvorio Javni poziv za realizaciju pet programa u cilju podr\u0161ke usavr\u0161avanju istra\u017eiva\u010da i razvoja nau\u010dnog potencijala Republike Srbije u 2025.godini. Konkurs za pojedine programske aktivnosti otvoren je tokom cele godine. Sve detaljne informacije mo\u017eete prona\u0107i na <a href=\"https:\/\/nitra.gov.rs\/lat\/nauka\/javni-pozivi-i-konkursi\/javni-pozivi-i-konkursi?view=article&amp;id=1199&amp;catid=18\" target=\"_top\">sajtu Fonda.<\/a><\/div>\n<\/div>\n<\/div>\n\n\n\n<p class=\"gb-text gb-text-e4c3d8e9\">Lorem ipsum dolor sit amet, consectetur adipiscing elit. Suspendisse varius enim in eros elementum tristique.<\/p>\n\n\n\n<a class=\"gb-text gb-text-12aa6cf4\">Button<\/a>\n<\/div>\n<\/div>\n<\/div>\n<\/div>\n","protected":false},"excerpt":{"rendered":"<p>Najnovije informacije XXVI YuCorr konferencija odr\u017eava se u periodu 03.11.-05.11.2025. Prvo obave\u0161tenje i poziv mo\u017eete pogledati XXVI YuCorr konferencija odr\u017eava se u periodu 03.11.-05.11.2025. Prvo obave\u0161tenje i poziv mo\u017eete pogledati XXVI YuCorr konferencija odr\u017eava se u periodu 03.11.-05.11.2025. Prvo obave\u0161tenje i poziv mo\u017eete pogledati XXVI YuCorr konferencija odr\u017eava se u periodu 03.11.-05.11.2025. Prvo obave\u0161tenje i [&hellip;]<\/p>\n","protected":false},"author":1,"featured_media":0,"parent":0,"menu_order":0,"comment_status":"closed","ping_status":"closed","template":"","meta":{"footnotes":""},"class_list":["post-9","page","type-page","status-publish","hentry"],"_links":{"self":[{"href":"https:\/\/ims.proba.in.rs\/wp-json\/wp\/v2\/pages\/9","targetHints":{"allow":["GET"]}}],"collection":[{"href":"https:\/\/ims.proba.in.rs\/wp-json\/wp\/v2\/pages"}],"about":[{"href":"https:\/\/ims.proba.in.rs\/wp-json\/wp\/v2\/types\/page"}],"author":[{"embeddable":true,"href":"https:\/\/ims.proba.in.rs\/wp-json\/wp\/v2\/users\/1"}],"replies":[{"embeddable":true,"href":"https:\/\/ims.proba.in.rs\/wp-json\/wp\/v2\/comments?post=9"}],"version-history":[{"count":9,"href":"https:\/\/ims.proba.in.rs\/wp-json\/wp\/v2\/pages\/9\/revisions"}],"predecessor-version":[{"id":72,"href":"https:\/\/ims.proba.in.rs\/wp-json\/wp\/v2\/pages\/9\/revisions\/72"}],"wp:attachment":[{"href":"https:\/\/ims.proba.in.rs\/wp-json\/wp\/v2\/media?parent=9"}],"curies":[{"name":"wp","href":"https:\/\/api.w.org\/{rel}","templated":true}]}}